{"id":1812,"date":"2024-06-04T21:19:45","date_gmt":"2024-06-04T21:19:45","guid":{"rendered":"https:\/\/sendaverderewilding.org\/?page_id=1812"},"modified":"2025-09-02T18:19:12","modified_gmt":"2025-09-02T18:19:12","slug":"about-us","status":"publish","type":"page","link":"https:\/\/sendaverderewilding.org\/es\/about-us\/","title":{"rendered":"Quienes Somos"},"content":{"rendered":"<div data-elementor-type=\"wp-page\" data-elementor-id=\"1812\" class=\"elementor elementor-1812\" data-elementor-post-type=\"page\">\n\t\t\t\t<div class=\"elementor-element elementor-element-33f67f3 e-con-full e-flex e-con e-parent\" data-id=\"33f67f3\" data-element_type=\"container\" data-e-type=\"container\" data-settings=\"{&quot;background_background&quot;:&quot;classic&quot;}\">\n\t\t\t\t<div class=\"elementor-element elementor-element-6e8ca99 animated-slow elementor-invisible elementor-widget elementor-widget-heading\" data-id=\"6e8ca99\" data-element_type=\"widget\" data-e-type=\"widget\" data-settings=\"{&quot;_animation&quot;:&quot;fadeIn&quot;,&quot;_animation_delay&quot;:300}\" data-widget_type=\"heading.default\">\n\t\t\t\t<div class=\"elementor-widget-container\">\n\t\t\t\t\t<h1 class=\"elementor-heading-title elementor-size-default\"> Quienes Somos<\/h1>\t\t\t\t<\/div>\n\t\t\t\t<\/div>\n\t\t\t\t<div class=\"elementor-element elementor-element-cca8d84 elementor-widget__width-initial elementor-widget elementor-widget-text-editor\" data-id=\"cca8d84\" data-element_type=\"widget\" data-e-type=\"widget\" data-widget_type=\"text-editor.default\">\n\t\t\t\t<div class=\"elementor-widget-container\">\n\t\t\t\t\t\t\t\t\t<p>Por m\u00e1s de 20 a\u00f1os, hemos salvado la naturaleza e inspirado acciones para resilvestrar y proteger el mundo natural<\/p>\t\t\t\t\t\t\t\t<\/div>\n\t\t\t\t<\/div>\n\t\t\t\t<\/div>\n\t\t<div class=\"elementor-element elementor-element-0b9dfcd e-con-full e-flex e-con e-parent\" data-id=\"0b9dfcd\" data-element_type=\"container\" data-e-type=\"container\">\n\t\t<div class=\"elementor-element elementor-element-f0f5c76 e-con-full e-flex e-con e-child\" data-id=\"f0f5c76\" data-element_type=\"container\" data-e-type=\"container\">\n\t\t\t\t<div class=\"elementor-element elementor-element-39e22e8 elementor-blockquote--skin-quotation elementor-blockquote--align-center elementor-widget elementor-widget-blockquote\" data-id=\"39e22e8\" data-element_type=\"widget\" data-e-type=\"widget\" data-widget_type=\"blockquote.default\">\n\t\t\t\t<div class=\"elementor-widget-container\">\n\t\t\t\t\t\t\t<blockquote class=\"elementor-blockquote\">\n\t\t\t<p class=\"elementor-blockquote__content\">\n\t\t\t\tLa naturaleza es nuestra mayor sanadora y maestra m\u00e1s sabia. Nos proporciona los medios para restaurar nuestro bienestar f\u00edsico y mental, ofreciendo un santuario de paz y renovaci\u00f3n. El mundo natural, con sus vastos paisajes, aguas tranquilas y diversa vida silvestre, tiene una capacidad innata para curar. \t\t\t<\/p>\n\t\t\t\t\t\t\t<div class=\"e-q-footer\">\n\t\t\t\t\t\t\t\t\t\t\t<cite class=\"elementor-blockquote__author\">Founders Vicky Ossio and <br>Marcelo Levy<\/cite>\n\t\t\t\t\t\t\t\t\t\t\t\t\t\t<\/div>\n\t\t\t\t\t<\/blockquote>\n\t\t\t\t\t\t<\/div>\n\t\t\t\t<\/div>\n\t\t\t\t<\/div>\n\t\t<div class=\"elementor-element elementor-element-e5429e1 e-con-full e-flex e-con e-child\" data-id=\"e5429e1\" data-element_type=\"container\" data-e-type=\"container\" data-settings=\"{&quot;background_background&quot;:&quot;classic&quot;}\">\n\t\t\t\t<\/div>\n\t\t\t\t<\/div>\n\t\t<div class=\"elementor-element elementor-element-7a093b19 e-con-full e-flex e-con e-parent\" data-id=\"7a093b19\" data-element_type=\"container\" data-e-type=\"container\" data-settings=\"{&quot;background_background&quot;:&quot;classic&quot;}\">\n\t\t<div class=\"elementor-element elementor-element-1c693a81 e-con-full e-flex e-con e-child\" data-id=\"1c693a81\" data-element_type=\"container\" data-e-type=\"container\">\n\t\t\t\t<div class=\"elementor-element elementor-element-488416e6 elementor-widget__width-inherit elementor-widget-divider--view-line elementor-invisible elementor-widget elementor-widget-divider\" data-id=\"488416e6\" data-element_type=\"widget\" data-e-type=\"widget\" data-settings=\"{&quot;_animation&quot;:&quot;fadeInLeft&quot;}\" data-widget_type=\"divider.default\">\n\t\t\t\t<div class=\"elementor-widget-container\">\n\t\t\t\t\t\t\t<div class=\"elementor-divider\">\n\t\t\t<span class=\"elementor-divider-separator\">\n\t\t\t\t\t\t<\/span>\n\t\t<\/div>\n\t\t\t\t\t\t<\/div>\n\t\t\t\t<\/div>\n\t\t\t\t<div class=\"elementor-element elementor-element-4a068ea6 elementor-widget__width-initial elementor-widget-tablet__width-inherit elementor-widget elementor-widget-heading\" data-id=\"4a068ea6\" data-element_type=\"widget\" data-e-type=\"widget\" data-widget_type=\"heading.default\">\n\t\t\t\t<div class=\"elementor-widget-container\">\n\t\t\t\t\t<h2 class=\"elementor-heading-title elementor-size-default\">Senda Verde: pionera en resilvestraci\u00f3n y conservaci\u00f3n<\/h2>\t\t\t\t<\/div>\n\t\t\t\t<\/div>\n\t\t\t\t<div class=\"elementor-element elementor-element-4c182879 elementor-widget__width-initial elementor-widget-tablet__width-inherit elementor-widget elementor-widget-text-editor\" data-id=\"4c182879\" data-element_type=\"widget\" data-e-type=\"widget\" data-widget_type=\"text-editor.default\">\n\t\t\t\t<div class=\"elementor-widget-container\">\n\t\t\t\t\t\t\t\t\t<p style=\"font-weight: 400;\">Ubicada en la regi\u00f3n subtropical de los Andes bolivianos, Senda Verde es un santuario comprometido con la vida silvestre. Fundada en 2003 por Vicky y Marcelo, \"Senda Verde\", su misi\u00f3n es restaurar y proteger la naturaleza. Reconociendo la urgente necesidad de conservaci\u00f3n, dedicaron su pasi\u00f3n, tiempo y recursos a este esencial esfuerzo.<\/p><p style=\"font-weight: 400;\">Conocidos por su profundo amor por los animales y la naturaleza, Vicky y Marcelo comenzaron su viaje rescatando a un mono capuchino hu\u00e9rfano en 2003. A lo largo de los a\u00f1os, han rehabilitado miles de animales, inspirando a un equipo dedicado de personal y voluntarios con su compromiso inquebrantable.<\/p><p style=\"font-weight: 400;\">La continua destrucci\u00f3n de h\u00e1bitats y los incendios en la selva amaz\u00f3nica han aumentado la urgencia de su misi\u00f3n. Senda Verde ahora ha ampliado sus esfuerzos para incluir un sitio de resilvestracion silvestre en el Amazonas, centr\u00e1ndose en la restauraci\u00f3n de ecosistemas. Esta ambiciosa iniciativa requiere primordial dedicaci\u00f3n y recursos.<\/p><p style=\"font-weight: 400;\">Para avanzar en su misi\u00f3n, Vicky y Marcelo buscan conseguir m\u00e1s terrenos para establecer un sitio de protecci\u00f3n privada. Este sitio servir\u00e1 como refugio para la vida silvestre y centro de educaci\u00f3n e inspiraci\u00f3n. Su objetivo es ense\u00f1ar la importancia de la conservaci\u00f3n e inspirar la acci\u00f3n colectiva, creando un efecto domin\u00f3 de gesti\u00f3n ambiental.<\/p><p style=\"font-weight: 400;\">El viaje de Senda Verde es una poderosa historia de dedicaci\u00f3n, resiliencia y esperanza. Ilustra c\u00f3mo un solo acto de compasi\u00f3n puede convertirse en un esfuerzo monumental para salvar y restaurar el mundo natural. El trabajo de Vicky y Marcelo no se trata s\u00f3lo de los animales que rescatan sino tambi\u00e9n del impacto m\u00e1s amplio en la conservaci\u00f3n y la inspiraci\u00f3n que brindan. Su camino verde ofrece una visi\u00f3n de un futuro en el que los seres humanos y la naturaleza coexisten en armon\u00eda.<\/p><p style=\"font-weight: 400;\">\u00a0<\/p>\t\t\t\t\t\t\t\t<\/div>\n\t\t\t\t<\/div>\n\t\t\t\t<\/div>\n\t\t\t\t<\/div>\n\t\t<div class=\"elementor-element elementor-element-49cfcea e-con-full e-flex e-con e-parent\" data-id=\"49cfcea\" data-element_type=\"container\" data-e-type=\"container\" data-settings=\"{&quot;background_background&quot;:&quot;classic&quot;}\">\n\t\t\t\t<div class=\"elementor-element elementor-element-01b09fa elementor-widget-tablet__width-initial elementor-invisible elementor-widget elementor-widget-image\" data-id=\"01b09fa\" data-element_type=\"widget\" data-e-type=\"widget\" data-settings=\"{&quot;_animation&quot;:&quot;rollIn&quot;}\" data-widget_type=\"image.default\">\n\t\t\t\t<div class=\"elementor-widget-container\">\n\t\t\t\t\t\t\t\t\t\t\t\t\t\t\t<img fetchpriority=\"high\" decoding=\"async\" width=\"512\" height=\"512\" src=\"https:\/\/sendaverderewilding.org\/wp-content\/uploads\/2025\/09\/Rewilding-tree-1.jpg\" class=\"attachment-large size-large wp-image-3588\" alt=\"\" srcset=\"https:\/\/sendaverderewilding.org\/wp-content\/uploads\/2025\/09\/Rewilding-tree-1.jpg 512w, https:\/\/sendaverderewilding.org\/wp-content\/uploads\/2025\/09\/Rewilding-tree-1-300x300.jpg 300w, https:\/\/sendaverderewilding.org\/wp-content\/uploads\/2025\/09\/Rewilding-tree-1-150x150.jpg 150w, https:\/\/sendaverderewilding.org\/wp-content\/uploads\/2025\/09\/Rewilding-tree-1-12x12.jpg 12w\" sizes=\"(max-width: 512px) 100vw, 512px\" \/>\t\t\t\t\t\t\t\t\t\t\t\t\t\t\t<\/div>\n\t\t\t\t<\/div>\n\t\t<div class=\"elementor-element elementor-element-b6fff22 e-con-full e-flex e-con e-child\" data-id=\"b6fff22\" data-element_type=\"container\" data-e-type=\"container\">\n\t\t\t\t<div class=\"elementor-element elementor-element-28d6224 elementor-widget elementor-widget-heading\" data-id=\"28d6224\" data-element_type=\"widget\" data-e-type=\"widget\" data-widget_type=\"heading.default\">\n\t\t\t\t<div class=\"elementor-widget-container\">\n\t\t\t\t\t<h2 class=\"elementor-heading-title elementor-size-default\"><a href=\"https:\/\/www.wellbeingscharity.org\/\">WELL\/BEINGS<\/a><\/h2>\t\t\t\t<\/div>\n\t\t\t\t<\/div>\n\t\t\t\t<div class=\"elementor-element elementor-element-ab4437b elementor-widget elementor-widget-heading\" data-id=\"ab4437b\" data-element_type=\"widget\" data-e-type=\"widget\" data-widget_type=\"heading.default\">\n\t\t\t\t<div class=\"elementor-widget-container\">\n\t\t\t\t\t<h2 class=\"elementor-heading-title elementor-size-default\">Nuestra principal aliada en resilvestraci\u00f3n<\/h2>\t\t\t\t<\/div>\n\t\t\t\t<\/div>\n\t\t\t\t<div class=\"elementor-element elementor-element-655440c elementor-widget-mobile__width-inherit elementor-widget__width-initial elementor-widget elementor-widget-text-editor\" data-id=\"655440c\" data-element_type=\"widget\" data-e-type=\"widget\" data-widget_type=\"text-editor.default\">\n\t\t\t\t<div class=\"elementor-widget-container\">\n\t\t\t\t\t\t\t\t\t<p style=\"font-weight: 400;\">Well Beings Charity inspira esperanza con su firme compromiso con la conservaci\u00f3n de la vida silvestre, particularmente al salvar jaguares y ayudar a resilvestrar y restaurar la selva amaz\u00f3nica. Nuestra alianza, que comenz\u00f3 durante la crisis de incendios forestales de Bolivia en 2020, nos une en la misi\u00f3n de proteger la vida silvestre de las amenazas que enfrenta. El apoyo de Well Beings trasciende las contribuciones financieras y refleja su profunda similitud con nuestra causa. Juntos, nos esforzamos por a restaurar tierras amaz\u00f3nicas, un esfuerzo cr\u00edtico para el clima y la biodiversidad global. Su apoyo inquebrantable amplifica nuestro impacto y ejemplifica el poder de los esfuerzos hermanados. La dedicaci\u00f3n de Well Beings es vital para nuestro \u00e9xito compartido con el fin de crear un futuro pr\u00f3spero para toda la vida en el Planeta.<\/p>\t\t\t\t\t\t\t\t<\/div>\n\t\t\t\t<\/div>\n\t\t\t\t<div class=\"elementor-element elementor-element-4e2ed75 elementor-align-left elementor-widget elementor-widget-button\" data-id=\"4e2ed75\" data-element_type=\"widget\" data-e-type=\"widget\" data-widget_type=\"button.default\">\n\t\t\t\t<div class=\"elementor-widget-container\">\n\t\t\t\t\t\t\t\t\t<div class=\"elementor-button-wrapper\">\n\t\t\t\t\t<a class=\"elementor-button elementor-button-link elementor-size-sm\" href=\"https:\/\/www.wellbeingscharity.org\/\">\n\t\t\t\t\t\t<span class=\"elementor-button-content-wrapper\">\n\t\t\t\t\t\t<span class=\"elementor-button-icon\">\n\t\t\t\t\t\t\t<\/span>\n\t\t\t\t\t\t\t\t\t<span class=\"elementor-button-text\">Learn more<\/span>\n\t\t\t\t\t<\/span>\n\t\t\t\t\t<\/a>\n\t\t\t\t<\/div>\n\t\t\t\t\t\t\t\t<\/div>\n\t\t\t\t<\/div>\n\t\t\t\t<\/div>\n\t\t\t\t<\/div>\n\t\t\t\t<\/div>","protected":false},"excerpt":{"rendered":"<p>About Us For over 20 years, we have saved nature and inspire actions to protect and rewild the Natural World Nature is our greatest healer and wisest teacher. It provides us with the means to restore our physical and mental well-being, offering a sanctuary of peace and rejuvenation. The natural world, with its vast landscapes, [&hellip;]<\/p>\n","protected":false},"author":1,"featured_media":0,"parent":0,"menu_order":5,"comment_status":"closed","ping_status":"closed","template":"","meta":{"_surecart_dashboard_logo_width":"180px","_surecart_dashboard_show_logo":true,"_surecart_dashboard_navigation_orders":true,"_surecart_dashboard_navigation_invoices":true,"_surecart_dashboard_navigation_subscriptions":true,"_surecart_dashboard_navigation_downloads":true,"_surecart_dashboard_navigation_billing":true,"_surecart_dashboard_navigation_account":true,"footnotes":""},"class_list":["post-1812","page","type-page","status-publish","hentry"],"yoast_head":"<!-- This site is optimized with the Yoast SEO plugin v27.3 - https:\/\/yoast.com\/product\/yoast-seo-wordpress\/ -->\n<title>About Us - Rewilding<\/title>\n<meta name=\"robots\" content=\"index, follow, max-snippet:-1, max-image-preview:large, max-video-preview:-1\" \/>\n<link rel=\"canonical\" href=\"https:\/\/sendaverderewilding.org\/es\/about-us\/\" \/>\n<meta property=\"og:locale\" content=\"es_ES\" \/>\n<meta property=\"og:type\" content=\"article\" \/>\n<meta property=\"og:title\" content=\"About Us - Rewilding\" \/>\n<meta property=\"og:description\" content=\"About Us For over 20 years, we have saved nature and inspire actions to protect and rewild the Natural World Nature is our greatest healer and wisest teacher. It provides us with the means to restore our physical and mental well-being, offering a sanctuary of peace and rejuvenation. The natural world, with its vast landscapes, [&hellip;]\" \/>\n<meta property=\"og:url\" content=\"https:\/\/sendaverderewilding.org\/es\/about-us\/\" \/>\n<meta property=\"og:site_name\" content=\"Rewilding\" \/>\n<meta property=\"article:publisher\" content=\"https:\/\/www.facebook.com\/LaSendaVerde\/?locale=es_LA\" \/>\n<meta property=\"article:modified_time\" content=\"2025-09-02T18:19:12+00:00\" \/>\n<meta property=\"og:image\" content=\"https:\/\/sendaverderewilding.org\/wp-content\/uploads\/2025\/09\/Rewilding-tree-1.jpg\" \/>\n\t<meta property=\"og:image:width\" content=\"512\" \/>\n\t<meta property=\"og:image:height\" content=\"512\" \/>\n\t<meta property=\"og:image:type\" content=\"image\/jpeg\" \/>\n<meta name=\"twitter:card\" content=\"summary_large_image\" \/>\n<meta name=\"twitter:label1\" content=\"Tiempo de lectura\" \/>\n\t<meta name=\"twitter:data1\" content=\"3 minutos\" \/>\n<script type=\"application\/ld+json\" class=\"yoast-schema-graph\">{\"@context\":\"https:\\\/\\\/schema.org\",\"@graph\":[{\"@type\":\"WebPage\",\"@id\":\"https:\\\/\\\/sendaverderewilding.org\\\/about-us\\\/\",\"url\":\"https:\\\/\\\/sendaverderewilding.org\\\/about-us\\\/\",\"name\":\"About Us - Rewilding\",\"isPartOf\":{\"@id\":\"https:\\\/\\\/sendaverderewilding.org\\\/#website\"},\"primaryImageOfPage\":{\"@id\":\"https:\\\/\\\/sendaverderewilding.org\\\/about-us\\\/#primaryimage\"},\"image\":{\"@id\":\"https:\\\/\\\/sendaverderewilding.org\\\/about-us\\\/#primaryimage\"},\"thumbnailUrl\":\"https:\\\/\\\/sendaverderewilding.org\\\/wp-content\\\/uploads\\\/2025\\\/09\\\/Rewilding-tree-1.jpg\",\"datePublished\":\"2024-06-04T21:19:45+00:00\",\"dateModified\":\"2025-09-02T18:19:12+00:00\",\"breadcrumb\":{\"@id\":\"https:\\\/\\\/sendaverderewilding.org\\\/about-us\\\/#breadcrumb\"},\"inLanguage\":\"es\",\"potentialAction\":[{\"@type\":\"ReadAction\",\"target\":[\"https:\\\/\\\/sendaverderewilding.org\\\/about-us\\\/\"]}]},{\"@type\":\"ImageObject\",\"inLanguage\":\"es\",\"@id\":\"https:\\\/\\\/sendaverderewilding.org\\\/about-us\\\/#primaryimage\",\"url\":\"https:\\\/\\\/sendaverderewilding.org\\\/wp-content\\\/uploads\\\/2025\\\/09\\\/Rewilding-tree-1.jpg\",\"contentUrl\":\"https:\\\/\\\/sendaverderewilding.org\\\/wp-content\\\/uploads\\\/2025\\\/09\\\/Rewilding-tree-1.jpg\"},{\"@type\":\"BreadcrumbList\",\"@id\":\"https:\\\/\\\/sendaverderewilding.org\\\/about-us\\\/#breadcrumb\",\"itemListElement\":[{\"@type\":\"ListItem\",\"position\":1,\"name\":\"Home\",\"item\":\"https:\\\/\\\/sendaverderewilding.org\\\/\"},{\"@type\":\"ListItem\",\"position\":2,\"name\":\"About Us\"}]},{\"@type\":\"WebSite\",\"@id\":\"https:\\\/\\\/sendaverderewilding.org\\\/#website\",\"url\":\"https:\\\/\\\/sendaverderewilding.org\\\/\",\"name\":\"sendaverde rewilding\",\"description\":\"Take action and rewild\",\"publisher\":{\"@id\":\"https:\\\/\\\/sendaverderewilding.org\\\/#organization\"},\"potentialAction\":[{\"@type\":\"SearchAction\",\"target\":{\"@type\":\"EntryPoint\",\"urlTemplate\":\"https:\\\/\\\/sendaverderewilding.org\\\/?s={search_term_string}\"},\"query-input\":{\"@type\":\"PropertyValueSpecification\",\"valueRequired\":true,\"valueName\":\"search_term_string\"}}],\"inLanguage\":\"es\"},{\"@type\":\"Organization\",\"@id\":\"https:\\\/\\\/sendaverderewilding.org\\\/#organization\",\"name\":\"Senda Verde\",\"url\":\"https:\\\/\\\/sendaverderewilding.org\\\/\",\"logo\":{\"@type\":\"ImageObject\",\"inLanguage\":\"es\",\"@id\":\"https:\\\/\\\/sendaverderewilding.org\\\/#\\\/schema\\\/logo\\\/image\\\/\",\"url\":\"https:\\\/\\\/sendaverderewilding.org\\\/wp-content\\\/uploads\\\/2024\\\/07\\\/Black-logo-no-background.png\",\"contentUrl\":\"https:\\\/\\\/sendaverderewilding.org\\\/wp-content\\\/uploads\\\/2024\\\/07\\\/Black-logo-no-background.png\",\"width\":3172,\"height\":1101,\"caption\":\"Senda Verde\"},\"image\":{\"@id\":\"https:\\\/\\\/sendaverderewilding.org\\\/#\\\/schema\\\/logo\\\/image\\\/\"},\"sameAs\":[\"https:\\\/\\\/www.facebook.com\\\/LaSendaVerde\\\/?locale=es_LA\"]}]}<\/script>\n<!-- \/ Yoast SEO plugin. -->","yoast_head_json":{"title":"About Us - Rewilding","robots":{"index":"index","follow":"follow","max-snippet":"max-snippet:-1","max-image-preview":"max-image-preview:large","max-video-preview":"max-video-preview:-1"},"canonical":"https:\/\/sendaverderewilding.org\/es\/about-us\/","og_locale":"es_ES","og_type":"article","og_title":"About Us - Rewilding","og_description":"About Us For over 20 years, we have saved nature and inspire actions to protect and rewild the Natural World Nature is our greatest healer and wisest teacher. It provides us with the means to restore our physical and mental well-being, offering a sanctuary of peace and rejuvenation. The natural world, with its vast landscapes, [&hellip;]","og_url":"https:\/\/sendaverderewilding.org\/es\/about-us\/","og_site_name":"Rewilding","article_publisher":"https:\/\/www.facebook.com\/LaSendaVerde\/?locale=es_LA","article_modified_time":"2025-09-02T18:19:12+00:00","og_image":[{"width":512,"height":512,"url":"https:\/\/sendaverderewilding.org\/wp-content\/uploads\/2025\/09\/Rewilding-tree-1.jpg","type":"image\/jpeg"}],"twitter_card":"summary_large_image","twitter_misc":{"Tiempo de lectura":"3 minutos"},"schema":{"@context":"https:\/\/schema.org","@graph":[{"@type":"WebPage","@id":"https:\/\/sendaverderewilding.org\/about-us\/","url":"https:\/\/sendaverderewilding.org\/about-us\/","name":"About Us - Rewilding","isPartOf":{"@id":"https:\/\/sendaverderewilding.org\/#website"},"primaryImageOfPage":{"@id":"https:\/\/sendaverderewilding.org\/about-us\/#primaryimage"},"image":{"@id":"https:\/\/sendaverderewilding.org\/about-us\/#primaryimage"},"thumbnailUrl":"https:\/\/sendaverderewilding.org\/wp-content\/uploads\/2025\/09\/Rewilding-tree-1.jpg","datePublished":"2024-06-04T21:19:45+00:00","dateModified":"2025-09-02T18:19:12+00:00","breadcrumb":{"@id":"https:\/\/sendaverderewilding.org\/about-us\/#breadcrumb"},"inLanguage":"es","potentialAction":[{"@type":"ReadAction","target":["https:\/\/sendaverderewilding.org\/about-us\/"]}]},{"@type":"ImageObject","inLanguage":"es","@id":"https:\/\/sendaverderewilding.org\/about-us\/#primaryimage","url":"https:\/\/sendaverderewilding.org\/wp-content\/uploads\/2025\/09\/Rewilding-tree-1.jpg","contentUrl":"https:\/\/sendaverderewilding.org\/wp-content\/uploads\/2025\/09\/Rewilding-tree-1.jpg"},{"@type":"BreadcrumbList","@id":"https:\/\/sendaverderewilding.org\/about-us\/#breadcrumb","itemListElement":[{"@type":"ListItem","position":1,"name":"Home","item":"https:\/\/sendaverderewilding.org\/"},{"@type":"ListItem","position":2,"name":"About Us"}]},{"@type":"WebSite","@id":"https:\/\/sendaverderewilding.org\/#website","url":"https:\/\/sendaverderewilding.org\/","name":"sendaverde rewilding","description":"Take action and rewild","publisher":{"@id":"https:\/\/sendaverderewilding.org\/#organization"},"potentialAction":[{"@type":"SearchAction","target":{"@type":"EntryPoint","urlTemplate":"https:\/\/sendaverderewilding.org\/?s={search_term_string}"},"query-input":{"@type":"PropertyValueSpecification","valueRequired":true,"valueName":"search_term_string"}}],"inLanguage":"es"},{"@type":"Organization","@id":"https:\/\/sendaverderewilding.org\/#organization","name":"Senda Verde","url":"https:\/\/sendaverderewilding.org\/","logo":{"@type":"ImageObject","inLanguage":"es","@id":"https:\/\/sendaverderewilding.org\/#\/schema\/logo\/image\/","url":"https:\/\/sendaverderewilding.org\/wp-content\/uploads\/2024\/07\/Black-logo-no-background.png","contentUrl":"https:\/\/sendaverderewilding.org\/wp-content\/uploads\/2024\/07\/Black-logo-no-background.png","width":3172,"height":1101,"caption":"Senda Verde"},"image":{"@id":"https:\/\/sendaverderewilding.org\/#\/schema\/logo\/image\/"},"sameAs":["https:\/\/www.facebook.com\/LaSendaVerde\/?locale=es_LA"]}]}},"_links":{"self":[{"href":"https:\/\/sendaverderewilding.org\/es\/wp-json\/wp\/v2\/pages\/1812","targetHints":{"allow":["GET"]}}],"collection":[{"href":"https:\/\/sendaverderewilding.org\/es\/wp-json\/wp\/v2\/pages"}],"about":[{"href":"https:\/\/sendaverderewilding.org\/es\/wp-json\/wp\/v2\/types\/page"}],"author":[{"embeddable":true,"href":"https:\/\/sendaverderewilding.org\/es\/wp-json\/wp\/v2\/users\/1"}],"replies":[{"embeddable":true,"href":"https:\/\/sendaverderewilding.org\/es\/wp-json\/wp\/v2\/comments?post=1812"}],"version-history":[{"count":25,"href":"https:\/\/sendaverderewilding.org\/es\/wp-json\/wp\/v2\/pages\/1812\/revisions"}],"predecessor-version":[{"id":3595,"href":"https:\/\/sendaverderewilding.org\/es\/wp-json\/wp\/v2\/pages\/1812\/revisions\/3595"}],"wp:attachment":[{"href":"https:\/\/sendaverderewilding.org\/es\/wp-json\/wp\/v2\/media?parent=1812"}],"curies":[{"name":"wp","href":"https:\/\/api.w.org\/{rel}","templated":true}]}}